{"id":294,"date":"2017-01-24T18:47:20","date_gmt":"2017-01-24T17:47:20","guid":{"rendered":"http:\/\/imq-ingenieurbuero.de\/wp\/kontakt\/"},"modified":"2025-05-23T16:31:00","modified_gmt":"2025-05-23T14:31:00","slug":"contact","status":"publish","type":"page","link":"https:\/\/www.imq-gmbh.com\/en\/contact\/","title":{"rendered":"Contact"},"content":{"rendered":"<div class=\"col2\">\n<h2 style=\"font-size: 110%;\">IMQ-INGENIEURBETRIEB F\u00dcR MATERIALPR\u00dcFUNG,<br \/>\nQUALIT\u00c4TSSICHERUNG UND SCHWEISSTECHNIK GMBH<span><\/span><\/h2>\n<p>Gewerbering 30<br \/>\n08451 Crimmitschau<br \/>\nGermany<\/p>\n<p>Phone +49 3762 95 37 0<br \/>\nFax +49 3762 95 37 22<\/p>\n<p><a class=\"maillink\" href=\"mailto:info@imq-gmbh.com\">info@imq-gmbh.com<\/a><\/p>\n<\/div>\n<div class=\"col2\">\n<h2 style=\"font-size: 110%;\">CONTACT FORM<span><\/span><\/h2>\n<p>You are interested in a non-binding consultation? We are pleased to be at your disposal for appointments and any other enquiries. Please get in touch with us!<\/p>\n<div id=\"anchor-form\"><\/div>\r\n\t<form action=\"#anchor-form\" method=\"post\">\r\n\r\n\t\t<input type=\"text\" required name=\"clientname\" value=\"\" placeholder=\"Name*\" \/>\r\n\t\t<input type=\"text\" name=\"company\" value=\"\" placeholder=\"Unternehmen\" \/>\r\n\t\t<input type=\"text\" name=\"subject\" value=\"\" placeholder=\"Betreff*\" \/>\r\n\t\t<input type=\"hidden\" name=\"diezeitwirdszeigen\" value=\"1777977132\" \/>\r\n\t\t<input type=\"email\" required name=\"mail\" value=\"\" placeholder=\"E-Mail*\" \/>\r\n\t\t<textarea cols=\"70\" rows=\"10\" required name=\"nachricht\" placeholder=\"Nachricht*\"><\/textarea><br \/>\r\n\t\t<input type=\"checkbox\" required name=\"datenschutz\" value=\"ok\"  \/>\r\n        Ich akzeptiere die <a href=\"https:\/\/www.imq-gmbh.com\/en\/\/datenschutz\" target=\"_blank\">Datenschutzbestimmungen<\/a>.<br \/><br \/>\r\n\r\n        <input type=\"submit\" name=\"submit\" value=\"senden\" \/>\r\n\r\n\t<\/form>\r\n\n<\/div>\n","protected":false},"excerpt":{"rendered":"<p>IMQ-INGENIEURBETRIEB F\u00dcR MATERIALPR\u00dcFUNG, QUALIT\u00c4TSSICHERUNG UND SCHWEISSTECHNIK GMBH Gewerbering 30 08451 Crimmitschau Germany Phone +49 3762 95 37 0 Fax +49 3762 95 37 22 info@imq-gmbh.com &#8230;<\/p>\n","protected":false},"author":1,"featured_media":0,"parent":0,"menu_order":13,"comment_status":"closed","ping_status":"closed","template":"template-kontakt.php","meta":{"footnotes":""},"class_list":["post-294","page","type-page","status-publish","hentry"],"acf":[],"yoast_head":"<!-- This site is optimized with the Yoast SEO plugin v17.7.1 - https:\/\/yoast.com\/wordpress\/plugins\/seo\/ -->\n<meta name=\"robots\" content=\"index, follow, max-snippet:-1, max-image-preview:large, max-video-preview:-1\" \/>\n<link rel=\"canonical\" href=\"https:\/\/www.imq-gmbh.com\/en\/contact\/\" \/>\n<meta property=\"og:locale\" content=\"en_US\" \/>\n<meta property=\"og:type\" content=\"article\" \/>\n<meta property=\"og:title\" content=\"Contact - imq Ingenieurbetrieb GmbH | ZfP, ZP, Entwicklung &amp; Schwei\u00dftechnik\" \/>\n<meta property=\"og:description\" content=\"IMQ-INGENIEURBETRIEB F\u00dcR MATERIALPR\u00dcFUNG, QUALIT\u00c4TSSICHERUNG UND SCHWEISSTECHNIK GMBH Gewerbering 30 08451 Crimmitschau Germany Phone +49 3762 95 37 0 Fax +49 3762 95 37 22 info@imq-gmbh.com ...\" \/>\n<meta property=\"og:url\" content=\"https:\/\/www.imq-gmbh.com\/en\/contact\/\" \/>\n<meta property=\"og:site_name\" content=\"imq Ingenieurbetrieb GmbH | ZfP, ZP, Entwicklung &amp; Schwei\u00dftechnik\" \/>\n<meta property=\"article:modified_time\" content=\"2025-05-23T14:31:00+00:00\" \/>\n<meta name=\"twitter:card\" content=\"summary_large_image\" \/>\n<script type=\"application\/ld+json\" class=\"yoast-schema-graph\">{\"@context\":\"https:\/\/schema.org\",\"@graph\":[{\"@type\":\"WebSite\",\"@id\":\"https:\/\/www.imq-gmbh.com\/en\/#website\",\"url\":\"https:\/\/www.imq-gmbh.com\/en\/\",\"name\":\"imq Ingenieurbetrieb GmbH | ZfP, ZP, Entwicklung &amp; Schwei\\u00dftechnik\",\"description\":\"\",\"potentialAction\":[{\"@type\":\"SearchAction\",\"target\":{\"@type\":\"EntryPoint\",\"urlTemplate\":\"https:\/\/www.imq-gmbh.com\/en\/?s={search_term_string}\"},\"query-input\":\"required name=search_term_string\"}],\"inLanguage\":\"en-US\"},{\"@type\":\"WebPage\",\"@id\":\"https:\/\/www.imq-gmbh.com\/en\/contact\/#webpage\",\"url\":\"https:\/\/www.imq-gmbh.com\/en\/contact\/\",\"name\":\"Contact - imq Ingenieurbetrieb GmbH | ZfP, ZP, Entwicklung &amp; Schwei\\u00dftechnik\",\"isPartOf\":{\"@id\":\"https:\/\/www.imq-gmbh.com\/en\/#website\"},\"datePublished\":\"2017-01-24T17:47:20+00:00\",\"dateModified\":\"2025-05-23T14:31:00+00:00\",\"breadcrumb\":{\"@id\":\"https:\/\/www.imq-gmbh.com\/en\/contact\/#breadcrumb\"},\"inLanguage\":\"en-US\",\"potentialAction\":[{\"@type\":\"ReadAction\",\"target\":[\"https:\/\/www.imq-gmbh.com\/en\/contact\/\"]}]},{\"@type\":\"BreadcrumbList\",\"@id\":\"https:\/\/www.imq-gmbh.com\/en\/contact\/#breadcrumb\",\"itemListElement\":[{\"@type\":\"ListItem\",\"position\":1,\"name\":\"Startseite\",\"item\":\"https:\/\/www.imq-gmbh.com\/en\/\"},{\"@type\":\"ListItem\",\"position\":2,\"name\":\"Contact\"}]}]}<\/script>\n<!-- \/ Yoast SEO plugin. -->","yoast_head_json":{"robots":{"index":"index","follow":"follow","max-snippet":"max-snippet:-1","max-image-preview":"max-image-preview:large","max-video-preview":"max-video-preview:-1"},"canonical":"https:\/\/www.imq-gmbh.com\/en\/contact\/","og_locale":"en_US","og_type":"article","og_title":"Contact - imq Ingenieurbetrieb GmbH | ZfP, ZP, Entwicklung &amp; Schwei\u00dftechnik","og_description":"IMQ-INGENIEURBETRIEB F\u00dcR MATERIALPR\u00dcFUNG, QUALIT\u00c4TSSICHERUNG UND SCHWEISSTECHNIK GMBH Gewerbering 30 08451 Crimmitschau Germany Phone +49 3762 95 37 0 Fax +49 3762 95 37 22 info@imq-gmbh.com ...","og_url":"https:\/\/www.imq-gmbh.com\/en\/contact\/","og_site_name":"imq Ingenieurbetrieb GmbH | ZfP, ZP, Entwicklung &amp; Schwei\u00dftechnik","article_modified_time":"2025-05-23T14:31:00+00:00","twitter_card":"summary_large_image","schema":{"@context":"https:\/\/schema.org","@graph":[{"@type":"WebSite","@id":"https:\/\/www.imq-gmbh.com\/en\/#website","url":"https:\/\/www.imq-gmbh.com\/en\/","name":"imq Ingenieurbetrieb GmbH | ZfP, ZP, Entwicklung &amp; Schwei\u00dftechnik","description":"","potentialAction":[{"@type":"SearchAction","target":{"@type":"EntryPoint","urlTemplate":"https:\/\/www.imq-gmbh.com\/en\/?s={search_term_string}"},"query-input":"required name=search_term_string"}],"inLanguage":"en-US"},{"@type":"WebPage","@id":"https:\/\/www.imq-gmbh.com\/en\/contact\/#webpage","url":"https:\/\/www.imq-gmbh.com\/en\/contact\/","name":"Contact - imq Ingenieurbetrieb GmbH | ZfP, ZP, Entwicklung &amp; Schwei\u00dftechnik","isPartOf":{"@id":"https:\/\/www.imq-gmbh.com\/en\/#website"},"datePublished":"2017-01-24T17:47:20+00:00","dateModified":"2025-05-23T14:31:00+00:00","breadcrumb":{"@id":"https:\/\/www.imq-gmbh.com\/en\/contact\/#breadcrumb"},"inLanguage":"en-US","potentialAction":[{"@type":"ReadAction","target":["https:\/\/www.imq-gmbh.com\/en\/contact\/"]}]},{"@type":"BreadcrumbList","@id":"https:\/\/www.imq-gmbh.com\/en\/contact\/#breadcrumb","itemListElement":[{"@type":"ListItem","position":1,"name":"Startseite","item":"https:\/\/www.imq-gmbh.com\/en\/"},{"@type":"ListItem","position":2,"name":"Contact"}]}]}},"_links":{"self":[{"href":"https:\/\/www.imq-gmbh.com\/en\/wp-json\/wp\/v2\/pages\/294","targetHints":{"allow":["GET"]}}],"collection":[{"href":"https:\/\/www.imq-gmbh.com\/en\/wp-json\/wp\/v2\/pages"}],"about":[{"href":"https:\/\/www.imq-gmbh.com\/en\/wp-json\/wp\/v2\/types\/page"}],"author":[{"embeddable":true,"href":"https:\/\/www.imq-gmbh.com\/en\/wp-json\/wp\/v2\/users\/1"}],"replies":[{"embeddable":true,"href":"https:\/\/www.imq-gmbh.com\/en\/wp-json\/wp\/v2\/comments?post=294"}],"version-history":[{"count":17,"href":"https:\/\/www.imq-gmbh.com\/en\/wp-json\/wp\/v2\/pages\/294\/revisions"}],"predecessor-version":[{"id":4247,"href":"https:\/\/www.imq-gmbh.com\/en\/wp-json\/wp\/v2\/pages\/294\/revisions\/4247"}],"wp:attachment":[{"href":"https:\/\/www.imq-gmbh.com\/en\/wp-json\/wp\/v2\/media?parent=294"}],"curies":[{"name":"wp","href":"https:\/\/api.w.org\/{rel}","templated":true}]}}