{"id":314,"date":"2017-01-24T18:48:06","date_gmt":"2017-01-24T17:48:06","guid":{"rendered":"http:\/\/imq-ingenieurbuero.de\/wp\/impressum\/"},"modified":"2017-04-02T19:10:00","modified_gmt":"2017-04-02T17:10:00","slug":"legal-notice","status":"publish","type":"page","link":"https:\/\/www.imq-gmbh.com\/en\/legal-notice\/","title":{"rendered":"Legal notice"},"content":{"rendered":"<h2 style=\"font-size: 110%;\">VERANTWORTLICH<span><\/span><\/h2>\n<p>imq-Ingenieurbetrieb f\u00fcr Materialpr\u00fcfung,<br \/>\nQualit\u00e4tssicherung und Schwei\u00dftechnik GmbH <\/p>\n<p>Gewerbering 30<br \/>\n08451 Crimmitschau<br \/>\n&nbsp;<\/p>\n<p>&nbsp;<br \/>\n<strong>KONTAKT<\/strong><\/p>\n<p>Tel. +49 3762 95 37 0<br \/>\nFax +49 3762 95 37 22 <\/p>\n<p><a class=\"maillink\" href=\"mailto:info@imq-gmbh.com\">info@imq-gmbh.com <\/a><br \/>\n&nbsp;<\/p>\n<p>&nbsp;<br \/>\n<strong>REGISTEREINTRAG<\/strong><\/p>\n<p>Eintragung im Handelsregister<br \/>\nRegistergericht: Chemnitz<br \/>\nRegisternummer: HRB 66<br \/>\n&nbsp;<\/p>\n<p>&nbsp;<br \/>\n<strong>UMSATZSTEUER-ID<\/strong><\/p>\n<p>Umsatzsteuer-Identifikationsnummer: DE 141337060<br \/>\n&nbsp;<\/p>\n<p>&nbsp;<br \/>\n<strong>BIC<\/strong><\/p>\n<p>Bank Identifier Code:<br \/>\nWELADED1ZWI<br \/>\n&nbsp;<\/p>\n<p>&nbsp;<br \/>\n<strong>IBAN<\/strong><\/p>\n<p>International Bank Account Number:<br \/>\nDE51870550002258007235<\/p>\n<p>&nbsp;<br \/>\n<strong>Hinweis auf EU-Streitschlichtung:<\/strong><\/p>\n<p>Wir nehmen nicht an einem Streitbeilegungsverfahren vor einer Verbraucherschlichtungsstelle teil.<\/p>\n<p>&nbsp;<br \/>\n<strong>Quellenangaben f\u00fcr die verwendeten Bilder und Grafiken:<\/strong><\/p>\n<p>\u00a9 <a href=\"http:\/\/www.mindwork-agentur.de\" target=\"_blank\">MINDWORK Werbeagentur<\/a> I MSchumann<br \/>\n&nbsp;<br \/>\n&nbsp;<\/p>\n<h2 style=\"font-size: 110%;\">DESIGN<span><\/span><\/h2>\n<p>polar 1 &#8211; Agentur f\u00fcr Kommunikation und Design GmbH <\/p>\n<p>Humboldtstra\u00dfe 14<br \/>\n08056 Zwickau <\/p>\n<p>Tel. +49 375 30 32 300 0<br \/>\nFax +49 375 30 32 300 9 <\/p>\n<p>agentur@polar1.de<br \/>\n<a href=\"http:\/\/www.polar1.de\" target=\"_blank\">www.polar1.de<\/a><br \/>\n&nbsp;<\/p>\n<h2 style=\"font-size: 110%;\">PROGRAMMIERUNG<span><\/span><\/h2>\n<p>MINDWORK Werbeagentur<\/p>\n<p>Am M\u00fchlgraben 4<br \/>\n09350 Lichtenstein<\/p>\n<p>Tel. +49 37204 50 58 32<br \/>\nFax +49 37204 50 58 33<br \/>\ninfo@mindwork-agentur.de<br \/>\n<a href=\"http:\/\/www.mindwork-agentur.de\" target=\"_blank\">www.mindwork-agentur.de<\/a><\/p>\n","protected":false},"excerpt":{"rendered":"<p>VERANTWORTLICH imq-Ingenieurbetrieb f\u00fcr Materialpr\u00fcfung, Qualit\u00e4tssicherung und Schwei\u00dftechnik GmbH Gewerbering 30 08451 Crimmitschau &nbsp; &nbsp; KONTAKT Tel. +49 3762 95 37 0 Fax +49 3762 95 &#8230;<\/p>\n","protected":false},"author":1,"featured_media":0,"parent":0,"menu_order":12,"comment_status":"closed","ping_status":"closed","template":"","meta":{"footnotes":""},"class_list":["post-314","page","type-page","status-publish","hentry"],"acf":[],"yoast_head":"<!-- This site is optimized with the Yoast SEO plugin v17.7.1 - https:\/\/yoast.com\/wordpress\/plugins\/seo\/ -->\n<meta name=\"robots\" content=\"index, follow, max-snippet:-1, max-image-preview:large, max-video-preview:-1\" \/>\n<link rel=\"canonical\" href=\"https:\/\/www.imq-gmbh.com\/en\/legal-notice\/\" \/>\n<meta property=\"og:locale\" content=\"en_US\" \/>\n<meta property=\"og:type\" content=\"article\" \/>\n<meta property=\"og:title\" content=\"Legal notice - imq Ingenieurbetrieb GmbH | ZfP, ZP, Entwicklung &amp; Schwei\u00dftechnik\" \/>\n<meta property=\"og:description\" content=\"VERANTWORTLICH imq-Ingenieurbetrieb f\u00fcr Materialpr\u00fcfung, Qualit\u00e4tssicherung und Schwei\u00dftechnik GmbH Gewerbering 30 08451 Crimmitschau &nbsp; &nbsp; KONTAKT Tel. +49 3762 95 37 0 Fax +49 3762 95 ...\" \/>\n<meta property=\"og:url\" content=\"https:\/\/www.imq-gmbh.com\/en\/legal-notice\/\" \/>\n<meta property=\"og:site_name\" content=\"imq Ingenieurbetrieb GmbH | ZfP, ZP, Entwicklung &amp; Schwei\u00dftechnik\" \/>\n<meta property=\"article:modified_time\" content=\"2017-04-02T17:10:00+00:00\" \/>\n<meta name=\"twitter:card\" content=\"summary_large_image\" \/>\n<meta name=\"twitter:label1\" content=\"Est. reading time\" \/>\n\t<meta name=\"twitter:data1\" content=\"1 minute\" \/>\n<script type=\"application\/ld+json\" class=\"yoast-schema-graph\">{\"@context\":\"https:\/\/schema.org\",\"@graph\":[{\"@type\":\"WebSite\",\"@id\":\"https:\/\/www.imq-gmbh.com\/en\/#website\",\"url\":\"https:\/\/www.imq-gmbh.com\/en\/\",\"name\":\"imq Ingenieurbetrieb GmbH | ZfP, ZP, Entwicklung &amp; Schwei\\u00dftechnik\",\"description\":\"\",\"potentialAction\":[{\"@type\":\"SearchAction\",\"target\":{\"@type\":\"EntryPoint\",\"urlTemplate\":\"https:\/\/www.imq-gmbh.com\/en\/?s={search_term_string}\"},\"query-input\":\"required name=search_term_string\"}],\"inLanguage\":\"en-US\"},{\"@type\":\"WebPage\",\"@id\":\"https:\/\/www.imq-gmbh.com\/en\/legal-notice\/#webpage\",\"url\":\"https:\/\/www.imq-gmbh.com\/en\/legal-notice\/\",\"name\":\"Legal notice - imq Ingenieurbetrieb GmbH | ZfP, ZP, Entwicklung &amp; Schwei\\u00dftechnik\",\"isPartOf\":{\"@id\":\"https:\/\/www.imq-gmbh.com\/en\/#website\"},\"datePublished\":\"2017-01-24T17:48:06+00:00\",\"dateModified\":\"2017-04-02T17:10:00+00:00\",\"breadcrumb\":{\"@id\":\"https:\/\/www.imq-gmbh.com\/en\/legal-notice\/#breadcrumb\"},\"inLanguage\":\"en-US\",\"potentialAction\":[{\"@type\":\"ReadAction\",\"target\":[\"https:\/\/www.imq-gmbh.com\/en\/legal-notice\/\"]}]},{\"@type\":\"BreadcrumbList\",\"@id\":\"https:\/\/www.imq-gmbh.com\/en\/legal-notice\/#breadcrumb\",\"itemListElement\":[{\"@type\":\"ListItem\",\"position\":1,\"name\":\"Startseite\",\"item\":\"https:\/\/www.imq-gmbh.com\/en\/\"},{\"@type\":\"ListItem\",\"position\":2,\"name\":\"Legal notice\"}]}]}<\/script>\n<!-- \/ Yoast SEO plugin. -->","yoast_head_json":{"robots":{"index":"index","follow":"follow","max-snippet":"max-snippet:-1","max-image-preview":"max-image-preview:large","max-video-preview":"max-video-preview:-1"},"canonical":"https:\/\/www.imq-gmbh.com\/en\/legal-notice\/","og_locale":"en_US","og_type":"article","og_title":"Legal notice - imq Ingenieurbetrieb GmbH | ZfP, ZP, Entwicklung &amp; Schwei\u00dftechnik","og_description":"VERANTWORTLICH imq-Ingenieurbetrieb f\u00fcr Materialpr\u00fcfung, Qualit\u00e4tssicherung und Schwei\u00dftechnik GmbH Gewerbering 30 08451 Crimmitschau &nbsp; &nbsp; KONTAKT Tel. +49 3762 95 37 0 Fax +49 3762 95 ...","og_url":"https:\/\/www.imq-gmbh.com\/en\/legal-notice\/","og_site_name":"imq Ingenieurbetrieb GmbH | ZfP, ZP, Entwicklung &amp; Schwei\u00dftechnik","article_modified_time":"2017-04-02T17:10:00+00:00","twitter_card":"summary_large_image","twitter_misc":{"Est. reading time":"1 minute"},"schema":{"@context":"https:\/\/schema.org","@graph":[{"@type":"WebSite","@id":"https:\/\/www.imq-gmbh.com\/en\/#website","url":"https:\/\/www.imq-gmbh.com\/en\/","name":"imq Ingenieurbetrieb GmbH | ZfP, ZP, Entwicklung &amp; Schwei\u00dftechnik","description":"","potentialAction":[{"@type":"SearchAction","target":{"@type":"EntryPoint","urlTemplate":"https:\/\/www.imq-gmbh.com\/en\/?s={search_term_string}"},"query-input":"required name=search_term_string"}],"inLanguage":"en-US"},{"@type":"WebPage","@id":"https:\/\/www.imq-gmbh.com\/en\/legal-notice\/#webpage","url":"https:\/\/www.imq-gmbh.com\/en\/legal-notice\/","name":"Legal notice - imq Ingenieurbetrieb GmbH | ZfP, ZP, Entwicklung &amp; Schwei\u00dftechnik","isPartOf":{"@id":"https:\/\/www.imq-gmbh.com\/en\/#website"},"datePublished":"2017-01-24T17:48:06+00:00","dateModified":"2017-04-02T17:10:00+00:00","breadcrumb":{"@id":"https:\/\/www.imq-gmbh.com\/en\/legal-notice\/#breadcrumb"},"inLanguage":"en-US","potentialAction":[{"@type":"ReadAction","target":["https:\/\/www.imq-gmbh.com\/en\/legal-notice\/"]}]},{"@type":"BreadcrumbList","@id":"https:\/\/www.imq-gmbh.com\/en\/legal-notice\/#breadcrumb","itemListElement":[{"@type":"ListItem","position":1,"name":"Startseite","item":"https:\/\/www.imq-gmbh.com\/en\/"},{"@type":"ListItem","position":2,"name":"Legal notice"}]}]}},"_links":{"self":[{"href":"https:\/\/www.imq-gmbh.com\/en\/wp-json\/wp\/v2\/pages\/314","targetHints":{"allow":["GET"]}}],"collection":[{"href":"https:\/\/www.imq-gmbh.com\/en\/wp-json\/wp\/v2\/pages"}],"about":[{"href":"https:\/\/www.imq-gmbh.com\/en\/wp-json\/wp\/v2\/types\/page"}],"author":[{"embeddable":true,"href":"https:\/\/www.imq-gmbh.com\/en\/wp-json\/wp\/v2\/users\/1"}],"replies":[{"embeddable":true,"href":"https:\/\/www.imq-gmbh.com\/en\/wp-json\/wp\/v2\/comments?post=314"}],"version-history":[{"count":5,"href":"https:\/\/www.imq-gmbh.com\/en\/wp-json\/wp\/v2\/pages\/314\/revisions"}],"predecessor-version":[{"id":908,"href":"https:\/\/www.imq-gmbh.com\/en\/wp-json\/wp\/v2\/pages\/314\/revisions\/908"}],"wp:attachment":[{"href":"https:\/\/www.imq-gmbh.com\/en\/wp-json\/wp\/v2\/media?parent=314"}],"curies":[{"name":"wp","href":"https:\/\/api.w.org\/{rel}","templated":true}]}}